{"id":3195,"date":"2025-01-06T11:09:50","date_gmt":"2025-01-06T11:09:50","guid":{"rendered":"https:\/\/test.spark.co.at\/?page_id=3195"},"modified":"2025-01-09T10:07:52","modified_gmt":"2025-01-09T10:07:52","slug":"impressum","status":"publish","type":"page","link":"https:\/\/spark.co.at\/de\/impressum\/","title":{"rendered":"Impressum"},"content":{"rendered":"<div data-elementor-type=\"wp-page\" data-elementor-id=\"3195\" class=\"elementor elementor-3195\" data-elementor-post-type=\"page\">\n\t\t\t\t<div class=\"elementor-element elementor-element-b7e6559 e-flex e-con-boxed e-con e-parent\" data-id=\"b7e6559\" data-element_type=\"container\">\n\t\t\t\t\t<div class=\"e-con-inner\">\n\t\t\t\t<div class=\"elementor-element elementor-element-50f522d elementor-widget elementor-widget-heading\" data-id=\"50f522d\" data-element_type=\"widget\" data-widget_type=\"heading.default\">\n\t\t\t\t<div class=\"elementor-widget-container\">\n\t\t\t\t\t<h2 class=\"elementor-heading-title elementor-size-default\">Impressum<\/h2>\t\t\t\t<\/div>\n\t\t\t\t<\/div>\n\t\t\t\t<div class=\"elementor-element elementor-element-a88c0ba elementor-widget elementor-widget-text-editor\" data-id=\"a88c0ba\" data-element_type=\"widget\" data-widget_type=\"text-editor.default\">\n\t\t\t\t<div class=\"elementor-widget-container\">\n\t\t\t\t\t\t\t\t\t<p>Informationspflicht laut \u00a7 25 Mediengesetz<br \/>Kennzeichnung nach UGB und ECG<\/p><p>Spark\u00ae FlexCo<br \/>CEO &amp; Founder: Mag. Claudia Schwinghammer, MA<\/p><p>Am Kabelwerk 5\/Top 0.01, 1120 Wien, \u00d6sterreich<br \/>Telefon: +43 1 361 3737<br \/>hello@spark.co.at<\/p><p>Steuernummer: 08 567\/3267<br \/>UID Nummer: ATU 80594858<\/p><p>Firmenbuchnummer: FN 622782 g<br \/>Unternehmensgegenstand: Erbringung von digitalen Kommunikationsdiensten aller Art zur Vernetzung von Dienstleistungsangeboten mit potenziellen Kunden<\/p><p>Zust\u00e4ndige Stellen: Magistrat der Stadt Wien als Gewerbebeh\u00f6rde<br \/>Firmenbuchgericht Wien<br \/>Wirtschaftskammer Wien<\/p><p class=\"translation-block\">Anwendbare Rechtsvorschriften: Gewerbeordnung (GewO) aufrufbar unter <a href=\"https:\/\/www.ris.bka.gv.at\/\" target=\"_blank\" rel=\"noopener\">www.ris.bka.gv.at<\/a> Richtung der Website \u201eBlattlinie\u201c: Die Webseite <a href=\"https:\/\/spark.co.at\/de\/\" target=\"_blank\" rel=\"noopener\">spark.co.at<\/a> dient nur der Bewerbung und der Vermittlung der Dienstleistungen und der Darstellung des Unternehmens.<\/p><p>Hinweise und Haftungsausschluss: Im Hinblick auf die technischen Eigenschaften des Internet kann keine Gew\u00e4hr f\u00fcr die Authentizit\u00e4t, Richtigkeit und Vollst\u00e4ndigkeit, der im Internet zur Verf\u00fcgung gestellten Informationen \u00fcbernommen werden. Es wird auch keine Gew\u00e4hr f\u00fcr die Verf\u00fcgbarkeit oder den Betrieb der gegenst\u00e4ndlichen Homepage und ihrer Inhalte \u00fcbernommen. Jede Haftung f\u00fcr unmittelbare, mittelbare oder sonstige Sch\u00e4den, unabh\u00e4ngig von deren Ursachen, die aus der Benutzung oder Nichtverf\u00fcgbarkeit der Daten und Informationen dieser Homepage erwachsen, wird, soweit rechtlich zul\u00e4ssig, ausgeschlossen. Der Inhalt dieser Homepage ist urheberrechtlich gesch\u00fctzt. Die Informationen sind nur f\u00fcr die pers\u00f6nliche Verwendung bestimmt. Jede weitergehende Nutzung insbesondere die Speicherung in Datenbanken, Vervielf\u00e4ltigung und jede Form von gewerblicher Nutzung sowie die Weitergabe an Dritte - auch in Teilen oder in \u00fcberarbeiteter Form - ohne Zustimmung der jeweiligen Organisation ist untersagt. Jede Einbindung einzelner Seiten unseres Angebotes in fremde Frames ist zu unterlassen. Soweit im Content personenbezogene Bezeichnungen nur in m\u00e4nnlicher Form angef\u00fchrt sind, beziehen sie sich auf Frauen und M\u00e4nner in gleicher Weise.<\/p>\t\t\t\t\t\t\t\t<\/div>\n\t\t\t\t<\/div>\n\t\t\t\t\t<\/div>\n\t\t\t\t<\/div>\n\t\t\t\t<\/div>","protected":false},"excerpt":{"rendered":"<p>Impressum Duty to inform according to \u00a7 25 Media LawLabelling according to UGB and ECGSpark\u00ae Spark\u00ae FlexCoCEO &amp; Founder: Mag. Claudia Schwinghammer, MA Am Kabelwerk 5\/Top 0.01, 1120 Vienna, AustriaPhone: +43 1 361 3737hello@spark.co.at Tax number: 08 567\/3267UID Number: ATU 80594858 Company Register Number: FN 622 782 gObject of the enterprise: Providing digital communication services [&hellip;]<\/p>","protected":false},"author":1,"featured_media":0,"parent":0,"menu_order":0,"comment_status":"closed","ping_status":"closed","template":"","meta":{"footnotes":""},"class_list":["post-3195","page","type-page","status-publish","hentry"],"_links":{"self":[{"href":"https:\/\/spark.co.at\/de\/wp-json\/wp\/v2\/pages\/3195","targetHints":{"allow":["GET"]}}],"collection":[{"href":"https:\/\/spark.co.at\/de\/wp-json\/wp\/v2\/pages"}],"about":[{"href":"https:\/\/spark.co.at\/de\/wp-json\/wp\/v2\/types\/page"}],"author":[{"embeddable":true,"href":"https:\/\/spark.co.at\/de\/wp-json\/wp\/v2\/users\/1"}],"replies":[{"embeddable":true,"href":"https:\/\/spark.co.at\/de\/wp-json\/wp\/v2\/comments?post=3195"}],"version-history":[{"count":13,"href":"https:\/\/spark.co.at\/de\/wp-json\/wp\/v2\/pages\/3195\/revisions"}],"predecessor-version":[{"id":3511,"href":"https:\/\/spark.co.at\/de\/wp-json\/wp\/v2\/pages\/3195\/revisions\/3511"}],"wp:attachment":[{"href":"https:\/\/spark.co.at\/de\/wp-json\/wp\/v2\/media?parent=3195"}],"curies":[{"name":"wp","href":"https:\/\/api.w.org\/{rel}","templated":true}]}}